{"id":3,"date":"2026-05-16T08:52:00","date_gmt":"2026-05-16T08:52:00","guid":{"rendered":"https:\/\/miladoremusic.com\/?page_id=3"},"modified":"2026-05-16T10:25:18","modified_gmt":"2026-05-16T10:25:18","slug":"privacy-policy","status":"publish","type":"page","link":"https:\/\/miladoremusic.com\/?page_id=3","title":{"rendered":"Privacy Policy"},"content":{"rendered":"\r\n<h2 class=\"wp-block-heading\"><\/h2>\r\n<p><img loading=\"lazy\" decoding=\"async\" class=\"alignnone size-full wp-image-13\" src=\"https:\/\/miladoremusic.com\/wp-content\/uploads\/2026\/05\/righina-grigio.jpg\" alt=\"\" width=\"1920\" height=\"4\" srcset=\"https:\/\/miladoremusic.com\/wp-content\/uploads\/2026\/05\/righina-grigio.jpg 1920w, https:\/\/miladoremusic.com\/wp-content\/uploads\/2026\/05\/righina-grigio-300x1.jpg 300w, https:\/\/miladoremusic.com\/wp-content\/uploads\/2026\/05\/righina-grigio-1024x2.jpg 1024w, https:\/\/miladoremusic.com\/wp-content\/uploads\/2026\/05\/righina-grigio-768x2.jpg 768w, https:\/\/miladoremusic.com\/wp-content\/uploads\/2026\/05\/righina-grigio-1536x3.jpg 1536w, https:\/\/miladoremusic.com\/wp-content\/uploads\/2026\/05\/righina-grigio-458x1.jpg 458w\" sizes=\"auto, (max-width: 1920px) 100vw, 1920px\" \/><\/p>\r\n<p class=\"has-text-align-center\" style=\"text-align: center;\"><strong>INFORMATIVA PRIVACY<\/strong><\/p>\r\n<h2 class=\"wp-block-heading\">\r\n\r\n<\/h2>\r\n<p>La presente informativa \u00e8 valida per il presente sito internet e per i siti internet di propriet\u00e0, in concessione e\/o gestiti da Associazione Modus quale titolare dei trattamenti.<\/p>\r\n<h2 class=\"wp-block-heading\">\r\n\r\n<\/h2>\r\n<p>In ottemperanza degli obblighi derivanti dalla normativa nazionale (D. Lgs 30 giugno 2003 n. 196, Codice in materia di protezione dei dati personali) e comunitaria, (Regolamento europeo per la protezione dei dati personali n. 679\/2016, GDPR) e successive modifiche, il Titolare dei trattamenti rispetta e tutela la riservatezza degli interessati al trattamento nelle attivit\u00e0 svolte, dei visitatori e degli utenti del presente sito web, ponendo in essere ogni sforzo possibile e proporzionato per non ledere i diritti degli interessati.<\/p>\r\n<h2 class=\"wp-block-heading\">\r\n\r\n<\/h2>\r\n<p>La presente informativa viene resa in base agli\u00a0artt. 7, 8, 9, 10 e 13 del D.Lgs. 30 giugno 2003 n. 196, e degli artt. 13, 14 del\u00a0GDPR (Regolamento Europeo\u00a0n. 679\/2016).<\/p>\r\n<h2 class=\"wp-block-heading\">\r\n\r\n<\/h2>\r\n<p><strong>BASE GIURIDICA DEL TRATTAMENTO:<\/strong><br \/>I dati vengono trattati in base al consenso. Il conferimento dei dati e quindi il Consenso alla raccolta e al trattamento dei dati \u00e8 facoltativo, l\u2019Utente pu\u00f2 negare il consenso e pu\u00f2 revocare in qualsiasi momento un consenso gi\u00e0 fornito (<a href=\"https:\/\/miladoremusic.com\/contatti\">tramite la pagina\u00a0Contatti<\/a>\u00a0o rivolgendosi al titolare del trattamento agli indirizzi e attraverso i mezzi sotto descritti).<br \/><strong>Tuttavia negare il consenso pu\u00f2 comportare<\/strong>\u00a0l\u2019impossibilit\u00e0 di erogare alcuni servizi, eseguire contratti e l\u2019utilizzo di eventuali applicazioni online potrebbero non essere disponibili o non pienamente utilizzabili.<br \/>Pu\u00f2 comportare inoltre l\u2019impossibilit\u00e0 di iniziare o continuare o di usufruire a pieno di servizi, agevolazioni, prerogative e\/o condizioni speciali \u2013 quando previste \u2013 sia per i soci\/associati che non soci.<\/p>\r\n<h2 class=\"wp-block-heading\">\r\n\r\n<\/h2>\r\n<p><strong>FINALITA\u2019 DEL TRATTAMENTO:<\/strong><\/p>\r\n<h2 class=\"wp-block-heading\">\r\n\r\n<\/h2>\r\n<ul class=\"wp-block-list\">\r\n<li>I dati raccolti presso gli interessati e\/o attraverso questo sito web costituiscono dati oggetto del trattamento. Sono trattati ed utilizzati con le seguenti finalit\u00e0: attivit\u00e0 strumentali a richieste pervenute dagli interessati stessi; esecuzione di contratti; svolgimento fasi precontrattuali; assistenza contrattuale e post contrattuale; contabilit\u00e0 ed adempimenti fiscali; difesa in giudizio; erogazione di servizi; attivit\u00e0 dell\u2019Associazione.<\/li>\r\n\r\n\r\n\r\n<li>Possono essere trattati e utilizzati per consentire l\u2019invio di informative,\u00a0newsletter,\u00a0svolgere attivit\u00e0 di marketing, invio di posta cartacea, email, SMS, MMS, etc. Per questa opzione \u00e8 necessario il consenso dell\u2019interessato espresso in maniera volontaria e separata spuntando l\u2019apposita casella presente nel form di richiesta.<\/li>\r\n<\/ul>\r\n<h2 class=\"wp-block-heading\">\r\n\r\n<\/h2>\r\n<p><strong>DATI RACCOLTI:<\/strong><\/p>\r\n<h2 class=\"wp-block-heading\">\r\n\r\n<\/h2>\r\n<p>Il presente sito fa uso di log files nei quali vengono conservate le seguenti informazioni raccolte in maniera automatizzata durante le visite degli utenti:<br \/>\u2013 tipo di browser e parametri del dispositivo usato per connettersi al sito;<br \/>\u2013 data e orario di visita;<br \/>\u2013 pagina web di provenienza del visitatore (referral);<br \/>\u2013 eventualmente il numero di click.<br \/><strong>Gli indirizzi I.P. sono anonimizzati<\/strong>.<\/p>\r\n<h2 class=\"wp-block-heading\">\r\n\r\n<\/h2>\r\n<p>Questi dati potrebbero essere utilizzati dal Titolare al fine di ricavare informazioni statistiche anonime sull\u2019uso del sito con lo scopo di individuare le pagine preferite dagli utenti e fornire dunque contenuti sempre pi\u00f9 adeguati e per controllarne il corretto funzionamento.<\/p>\r\n<h2 class=\"wp-block-heading\">\r\n\r\n<\/h2>\r\n<p>Solo quando strettamente necessario potrebbero essere raccolti anche i seguenti dati:<\/p>\r\n<h2 class=\"wp-block-heading\">\r\n\r\n<\/h2>\r\n<ul class=\"wp-block-list\">\r\n<li>Anagrafica dell\u2019interessato comprensiva di indirizzi, numeri di telefono, email<\/li>\r\n\r\n\r\n\r\n<li>Eventuale P.Iva<\/li>\r\n\r\n\r\n\r\n<li>Codice fiscale<\/li>\r\n\r\n\r\n\r\n<li>Credenziali di accesso ad aree riservate quando concesse<\/li>\r\n<\/ul>\r\n<h2 class=\"wp-block-heading\">\r\n\r\n<\/h2>\r\n<p><strong>MODALITA\u2019 DI TRATTAMENTO:<\/strong><br \/>Il trattamento dei dati \u00e8 eseguito attraverso procedure informatiche o comunque mezzi telematici o supporti cartacei ad opera di soggetti interni appositamente incaricati. I dati sono conservati in archivi cartacei, informatici e telematici e sono assicurate le misure di sicurezza previste dal T.U. (Testo Unico Privacy 196\/2013) e gli adempimenti in tal senso previsti dal GDPR (Regolamento Europeo\u00a0n. 679\/2016).<br \/>I dati personali sono registrati e custoditi su database elettronici di propriet\u00e0 di Associazione Modus, Via Carlo Matteucci, 17\/b, 35136 Padova Italia, Titolare del trattamento, nonch\u00e9 saranno conservati su server nel territorio di Paesi appartenenti all\u2019Unione Europea (UE) \u2013 OVH Srl (Socio Unico con sede segale: Via Leopoldo Cicognara, 7 \u2013 20129, Milano \u2013 Italia\u00a0<a href=\"https:\/\/www.ovh.it\/protezione-dati-personali\/\" target=\"_blank\" rel=\"noreferrer noopener\">https:\/\/www.ovh.it\/protezione-dati-personali\/<\/a>\u00a0e ARUBA spa, con sede legale Via San Clemente, 53 \u2013 24036 Ponte San Pietro (BG).\u00a0<a href=\"https:\/\/www.aruba.it\/informativa_arubaspa.pdf\" target=\"_blank\" rel=\"noreferrer noopener\">https:\/\/www.aruba.it\/informativa_arubaspa.pdf<\/a><\/p>\r\n<h2 class=\"wp-block-heading\">\r\n\r\n<\/h2>\r\n<p>I dati personali sono trattati direttamente\u00a0da Associazione Modus (Titolare del trattamento) ed eventualmente tramite propri incaricati, responsabili esterni, preposti alla gestione del sito ed alle attivit\u00e0 di marketing\u00a0muniti di apposito incarico di tipo contrattuale e muniti delle competenze\u00a0richieste in materia di privacy e diritti degli interessati.<br \/>L\u2019elenco degli eventuali Responsabili e\/o incaricati del trattamento \u00e8 disponibile a richiesta degli utenti del sito.<\/p>\r\n<h2 class=\"wp-block-heading\">\r\n\r\n<\/h2>\r\n<p><strong>COMUNICAZIONE E DIFFUSIONE:<\/strong><br \/>I dati personali non saranno diffusi, venduti o scambiati con soggetti terzi, salvo qualora la comunicazione si renda necessaria per il perseguimento delle finalit\u00e0 suddette, salvo i casi in cui l\u2019interessato dia espressa autorizzazione e nei casi previsti dalle Leggi e regolamenti vigenti.<\/p>\r\n<h2 class=\"wp-block-heading\">\r\n\r\n<\/h2>\r\n<p><strong>DIRITTI DELL\u2019INTERESSATO:<\/strong><br \/>L\u2019interessato potr\u00e0 far valere i propri diritti come espressi dagli artt. 7, 8, 9, 10 e 13 del D.Lgs. 30 giugno 2003 n. 196, e dagli artt. 13, 14 del\u00a0GDPR (Regolamento Europeo\u00a0n. 679\/2016), rivolgendosi al titolare del trattamento. In particolare l\u2019interessato potr\u00e0 ottenere la conferma dell\u2019esistenza o meno di dati personali che lo riguardano, anche se non ancora registrati e la loro comunicazione in forma intelligibile.<\/p>\r\n<h2 class=\"wp-block-heading\">\r\n\r\n<\/h2>\r\n<p>L\u2019interessato ha diritto di ottenere l\u2019indicazione:<br \/>a) dell\u2019origine dei dati personali;<br \/>b) delle finalit\u00e0 e modalit\u00e0 del trattamento;<br \/>c) della logica applicata in caso di trattamento effettuato con l\u2019ausilio di strumenti elettronici;<br \/>d) degli estremi identificativi del titolare e \u00a0quando designati, del\/dei responsabili interni e\/o esterni dei trattamenti e del\/dei responsabili della protezione dei dati (DPO) oltre quelli degli eventuali incaricati o rappresentanti designati.<br \/>e) dei soggetti o delle categorie di soggetti ai quali i dati personali possono essere comunicati o che possono venirne a conoscenza.<\/p>\r\n<h2 class=\"wp-block-heading\">\r\n\r\n<\/h2>\r\n<p>L\u2019interessato ha diritto di ottenere:<br \/>a) l\u2019aggiornamento, la rettificazione ovvero, quando vi ha interesse, l\u2019integrazione dei dati;<br \/>b) la cancellazione, la trasformazione in forma anonima o il blocco dei dati trattati in violazione di legge, compresi quelli di cui non \u00e8 necessaria la conservazione in relazione agli scopi per i quali i dati sono stati raccolti o successivamente trattati (minimizzazione);<br \/>c) l\u2019attestazione che le operazioni di cui alle lettere a) e b) sono state portate a conoscenza, anche per quanto riguarda il loro contenuto, di coloro ai quali i dati sono stati comunicati o diffusi, eccettuato il caso in cui tale adempimento si rivela impossibile o comporta un impiego di mezzi manifestamente sproporzionato rispetto al diritto tutelato.<\/p>\r\n<h2 class=\"wp-block-heading\">\r\n\r\n<\/h2>\r\n<p>L\u2019interessato ha diritto di opporsi, in tutto o in parte:<br \/>a) per motivi legittimi al trattamento dei dati personali che lo riguardano, ancorch\u00e9 pertinenti allo scopo della raccolta;<br \/>b) al trattamento di dati personali che lo riguardano a fini di invio di materiale pubblicitario o di vendita diretta o per il compimento di ricerche di mercato o di comunicazione commerciale;<br \/>c)\u00a0L\u2019interessato potr\u00e0 rileggere in qualsiasi momento l\u2019informativa ed eventualmente modificare i consensi precedentemente forniti, verificare e\/o modificare lo stato dei servizi attivi ed eventualmente richiedere servizi aggiuntivi.<br \/>d) Nel caso di richiesta di cancellazione totale o parziale dei dati da parte di soci\/associati, questo comporta la volont\u00e0 di rescindere o modificare la propria posizione di socio\/associato e quindi\u00a0in questo caso all\u2019atto della richiesta vengono attivate le comunicazioni, procedure, le attivit\u00e0 e le prerogative previste dallo Statuto dell\u2019associazione e\/o deliberate dagli organi direttivi.<br \/>e)\u00a0di proporre reclamo all\u2019Autorit\u00e0 di controllo.<\/p>\r\n<h2 class=\"wp-block-heading\">\r\n\r\n<\/h2>\r\n<p><strong>TEMPO DI CONSERVAZIONE:<\/strong><br \/>I dati saranno conservati per il tempo strettamente necessario all\u2019espletamento delle suddette finalit\u00e0, salvo il diritto di opposizione al trattamento liberamente esercitabile dall\u2019utente.<br \/>Una volta terminato il tempo necessario all\u2019espletamento delle finalit\u00e0 di raccolta e trattamento, i dati potranno essere trattati e conservati per ulteriori 12 mesi allo scopo di concludere le procedure contabili e amministrative di Legge. Ai fini fiscali la conservazione dei soli dati raccolti in tal senso, il tempo di conservazione \u00e8 quello previsto dalla normativa vigente in materia fiscale, tempo per tempo.<\/p>\r\n<h2 class=\"wp-block-heading\">\r\n\r\n<\/h2>\r\n<p><strong>reCAPTCHA:<\/strong>\u00a0Questo sito \u00e8 inoltre protetto da reCAPTCHA e si applicano\u00a0le\u00a0<a href=\"https:\/\/policies.google.com\/privacy\" target=\"_blank\" rel=\"noreferrer noopener\">Norme sulla privacy<\/a>\u00a0e i\u00a0<a href=\"https:\/\/policies.google.com\/terms\" target=\"_blank\" rel=\"noreferrer noopener\">Termini di servizio di Google<\/a>\u00a0in relazione ai dati raccolti da reCAPTCHA. L\u2019uso di Google reCAPTCHA \u00e8 necessario al fine di prevenire frodi e uso improprio del Sito mediante l\u2019uso di macchine automatizzate. Per saperne di pi\u00f9, consulta\u00a0<a href=\"http:\/\/www.google.com\/intl\/en\/policies\/privacy\/\" target=\"_blank\" rel=\"noreferrer noopener\">l\u2019informativa sulla privacy di Google<\/a>\u00a0.<\/p>\r\n<h2 class=\"wp-block-heading\">\r\n\r\n<\/h2>\r\n<p><strong>COOKIES:<\/strong><br \/>Questo sito fa uso di cookies tecnici che permettono al sito di funzionare correttamente. Veicola inoltre cookies di terze parti come da informativa estesa che puoi leggere\u00a0<a href=\"https:\/\/rollinglives.com\/cookie-policy-ue\/\">cliccando qui<\/a>.<\/p>\r\n<h2 class=\"wp-block-heading\">\r\n\r\n<\/h2>\r\n<p><strong>NATURA DEL CONFERIMENTO, CONSEGUENZE RIFIUTO A RISPONDERE E CONSENSO:<\/strong><br \/>Il conferimento dei dati \u00e8 facoltativo ed \u00e8 rimesso alla volont\u00e0 del soggetto che voglia richiedere informazioni, intraprendere trattative con il Titolare, associarsi e partecipare alle attivit\u00e0 dell\u2019associazione, usufruire dei servizi dell\u2019associazione sia nella qualit\u00e0 di socio che nella qualit\u00e0 di cliente anche non socio o partecipante alle iniziative dell\u2019associazione. Il mancato conferimento comporta l\u2019impossibilit\u00e0 di dar seguito alle richieste, di usufruire dei servizi, di dare esecuzione a contratti.<br \/>Per quanto riguarda il rifiuto al trattamento dei dati per\u00a0l\u2019invio di informative,\u00a0newsletter,\u00a0attivit\u00e0 di marketing, invio di posta cartacea, email, SMS, MMS, etc. non ci sar\u00e0 alcuna conseguenza, tuttavia il rifiuto potrebbe comportare una minore interattivit\u00e0 con i servizi, l\u2019utilizzo del sito web e la mancanza di aggiornamenti sulle iniziative dell\u2019Associazione e la variazione di eventuali operazioni di promozione.<\/p>\r\n<h2 class=\"wp-block-heading\">\r\n\r\n<\/h2>\r\n<p>N.B.: per quanto riguarda i soci\/associati in caso di non accettazione all\u2019invio di informative restano salve le comunicazioni dovute loro a seconda delle Leggi, disposizioni dell\u2019Atto Costitutivo e dei regolamenti interni dell\u2019Associazione.<\/p>\r\n<h2 class=\"wp-block-heading\">\r\n\r\n<\/h2>\r\n<p><strong>TITOLARE DEL TRATTAMENTO E DATI DI CONTATTO :<br \/><\/strong>Per l\u2019esercizio propri diritti, per richieste ed informazioni rivolgersi a:<br \/>Titolare dei trattamenti Associazione Modus \u2013 35136 Padova \u2013 tel. 346 0318251 \u2013 e-mail assomodus@gmail.com<\/p>\r\n<h2 class=\"wp-block-heading\">\r\n\r\n<\/h2>\r\n<p><strong>AGGIORNAMENTO PRIVACY:<\/strong><br \/>Ultimo aggiornamento: 16\/05\/2026<\/p>\r\n<h2 class=\"wp-block-heading\"><\/h2>","protected":false},"excerpt":{"rendered":"","protected":false},"author":1,"featured_media":0,"parent":0,"menu_order":0,"comment_status":"closed","ping_status":"open","template":"","meta":{"footnotes":""},"categories":[],"tags":[],"class_list":["post-3","page","type-page","status-publish","hentry"],"yoast_head":"<!-- This site is optimized with the Yoast SEO plugin v27.6 - https:\/\/yoast.com\/product\/yoast-seo-wordpress\/ -->\n<title>Privacy Policy - Miladore Music<\/title>\n<meta name=\"robots\" content=\"index, follow, max-snippet:-1, max-image-preview:large, max-video-preview:-1\" \/>\n<link rel=\"canonical\" href=\"https:\/\/miladoremusic.com\/?page_id=3\" \/>\n<meta property=\"og:locale\" content=\"it_IT\" \/>\n<meta property=\"og:type\" content=\"article\" \/>\n<meta property=\"og:title\" content=\"Privacy Policy - Miladore Music\" \/>\n<meta property=\"og:url\" content=\"https:\/\/miladoremusic.com\/?page_id=3\" \/>\n<meta property=\"og:site_name\" content=\"Miladore Music\" \/>\n<meta property=\"article:modified_time\" content=\"2026-05-16T10:25:18+00:00\" \/>\n<meta property=\"og:image\" content=\"https:\/\/miladoremusic.com\/wp-content\/uploads\/2026\/05\/righina-grigio.jpg\" \/>\n\t<meta property=\"og:image:width\" content=\"1920\" \/>\n\t<meta property=\"og:image:height\" content=\"4\" \/>\n\t<meta property=\"og:image:type\" content=\"image\/jpeg\" \/>\n<meta name=\"twitter:card\" content=\"summary_large_image\" \/>\n<meta name=\"twitter:label1\" content=\"Tempo di lettura stimato\" \/>\n\t<meta name=\"twitter:data1\" content=\"9 minuti\" \/>\n<script type=\"application\/ld+json\" class=\"yoast-schema-graph\">{\"@context\":\"https:\\\/\\\/schema.org\",\"@graph\":[{\"@type\":\"WebPage\",\"@id\":\"https:\\\/\\\/miladoremusic.com\\\/?page_id=3\",\"url\":\"https:\\\/\\\/miladoremusic.com\\\/?page_id=3\",\"name\":\"Privacy Policy - Miladore Music\",\"isPartOf\":{\"@id\":\"https:\\\/\\\/miladoremusic.com\\\/#website\"},\"primaryImageOfPage\":{\"@id\":\"https:\\\/\\\/miladoremusic.com\\\/?page_id=3#primaryimage\"},\"image\":{\"@id\":\"https:\\\/\\\/miladoremusic.com\\\/?page_id=3#primaryimage\"},\"thumbnailUrl\":\"https:\\\/\\\/miladoremusic.com\\\/wp-content\\\/uploads\\\/2026\\\/05\\\/righina-grigio.jpg\",\"datePublished\":\"2026-05-16T08:52:00+00:00\",\"dateModified\":\"2026-05-16T10:25:18+00:00\",\"breadcrumb\":{\"@id\":\"https:\\\/\\\/miladoremusic.com\\\/?page_id=3#breadcrumb\"},\"inLanguage\":\"it-IT\",\"potentialAction\":[{\"@type\":\"ReadAction\",\"target\":[\"https:\\\/\\\/miladoremusic.com\\\/?page_id=3\"]}]},{\"@type\":\"ImageObject\",\"inLanguage\":\"it-IT\",\"@id\":\"https:\\\/\\\/miladoremusic.com\\\/?page_id=3#primaryimage\",\"url\":\"https:\\\/\\\/miladoremusic.com\\\/wp-content\\\/uploads\\\/2026\\\/05\\\/righina-grigio.jpg\",\"contentUrl\":\"https:\\\/\\\/miladoremusic.com\\\/wp-content\\\/uploads\\\/2026\\\/05\\\/righina-grigio.jpg\",\"width\":1920,\"height\":4},{\"@type\":\"BreadcrumbList\",\"@id\":\"https:\\\/\\\/miladoremusic.com\\\/?page_id=3#breadcrumb\",\"itemListElement\":[{\"@type\":\"ListItem\",\"position\":1,\"name\":\"Home\",\"item\":\"https:\\\/\\\/miladoremusic.com\\\/\"},{\"@type\":\"ListItem\",\"position\":2,\"name\":\"Privacy Policy\"}]},{\"@type\":\"WebSite\",\"@id\":\"https:\\\/\\\/miladoremusic.com\\\/#website\",\"url\":\"https:\\\/\\\/miladoremusic.com\\\/\",\"name\":\"Miladore Music\",\"description\":\"\",\"publisher\":{\"@id\":\"https:\\\/\\\/miladoremusic.com\\\/#organization\"},\"potentialAction\":[{\"@type\":\"SearchAction\",\"target\":{\"@type\":\"EntryPoint\",\"urlTemplate\":\"https:\\\/\\\/miladoremusic.com\\\/?s={search_term_string}\"},\"query-input\":{\"@type\":\"PropertyValueSpecification\",\"valueRequired\":true,\"valueName\":\"search_term_string\"}}],\"inLanguage\":\"it-IT\"},{\"@type\":\"Organization\",\"@id\":\"https:\\\/\\\/miladoremusic.com\\\/#organization\",\"name\":\"Miladore Music\",\"url\":\"https:\\\/\\\/miladoremusic.com\\\/\",\"logo\":{\"@type\":\"ImageObject\",\"inLanguage\":\"it-IT\",\"@id\":\"https:\\\/\\\/miladoremusic.com\\\/#\\\/schema\\\/logo\\\/image\\\/\",\"url\":\"https:\\\/\\\/miladoremusic.com\\\/wp-content\\\/uploads\\\/2026\\\/05\\\/logo-MILADORE-MUSIC-400.png\",\"contentUrl\":\"https:\\\/\\\/miladoremusic.com\\\/wp-content\\\/uploads\\\/2026\\\/05\\\/logo-MILADORE-MUSIC-400.png\",\"width\":400,\"height\":110,\"caption\":\"Miladore Music\"},\"image\":{\"@id\":\"https:\\\/\\\/miladoremusic.com\\\/#\\\/schema\\\/logo\\\/image\\\/\"}}]}<\/script>\n<!-- \/ Yoast SEO plugin. -->","yoast_head_json":{"title":"Privacy Policy - Miladore Music","robots":{"index":"index","follow":"follow","max-snippet":"max-snippet:-1","max-image-preview":"max-image-preview:large","max-video-preview":"max-video-preview:-1"},"canonical":"https:\/\/miladoremusic.com\/?page_id=3","og_locale":"it_IT","og_type":"article","og_title":"Privacy Policy - Miladore Music","og_url":"https:\/\/miladoremusic.com\/?page_id=3","og_site_name":"Miladore Music","article_modified_time":"2026-05-16T10:25:18+00:00","og_image":[{"width":1920,"height":4,"url":"https:\/\/miladoremusic.com\/wp-content\/uploads\/2026\/05\/righina-grigio.jpg","type":"image\/jpeg"}],"twitter_card":"summary_large_image","twitter_misc":{"Tempo di lettura stimato":"9 minuti"},"schema":{"@context":"https:\/\/schema.org","@graph":[{"@type":"WebPage","@id":"https:\/\/miladoremusic.com\/?page_id=3","url":"https:\/\/miladoremusic.com\/?page_id=3","name":"Privacy Policy - Miladore Music","isPartOf":{"@id":"https:\/\/miladoremusic.com\/#website"},"primaryImageOfPage":{"@id":"https:\/\/miladoremusic.com\/?page_id=3#primaryimage"},"image":{"@id":"https:\/\/miladoremusic.com\/?page_id=3#primaryimage"},"thumbnailUrl":"https:\/\/miladoremusic.com\/wp-content\/uploads\/2026\/05\/righina-grigio.jpg","datePublished":"2026-05-16T08:52:00+00:00","dateModified":"2026-05-16T10:25:18+00:00","breadcrumb":{"@id":"https:\/\/miladoremusic.com\/?page_id=3#breadcrumb"},"inLanguage":"it-IT","potentialAction":[{"@type":"ReadAction","target":["https:\/\/miladoremusic.com\/?page_id=3"]}]},{"@type":"ImageObject","inLanguage":"it-IT","@id":"https:\/\/miladoremusic.com\/?page_id=3#primaryimage","url":"https:\/\/miladoremusic.com\/wp-content\/uploads\/2026\/05\/righina-grigio.jpg","contentUrl":"https:\/\/miladoremusic.com\/wp-content\/uploads\/2026\/05\/righina-grigio.jpg","width":1920,"height":4},{"@type":"BreadcrumbList","@id":"https:\/\/miladoremusic.com\/?page_id=3#breadcrumb","itemListElement":[{"@type":"ListItem","position":1,"name":"Home","item":"https:\/\/miladoremusic.com\/"},{"@type":"ListItem","position":2,"name":"Privacy Policy"}]},{"@type":"WebSite","@id":"https:\/\/miladoremusic.com\/#website","url":"https:\/\/miladoremusic.com\/","name":"Miladore Music","description":"","publisher":{"@id":"https:\/\/miladoremusic.com\/#organization"},"potentialAction":[{"@type":"SearchAction","target":{"@type":"EntryPoint","urlTemplate":"https:\/\/miladoremusic.com\/?s={search_term_string}"},"query-input":{"@type":"PropertyValueSpecification","valueRequired":true,"valueName":"search_term_string"}}],"inLanguage":"it-IT"},{"@type":"Organization","@id":"https:\/\/miladoremusic.com\/#organization","name":"Miladore Music","url":"https:\/\/miladoremusic.com\/","logo":{"@type":"ImageObject","inLanguage":"it-IT","@id":"https:\/\/miladoremusic.com\/#\/schema\/logo\/image\/","url":"https:\/\/miladoremusic.com\/wp-content\/uploads\/2026\/05\/logo-MILADORE-MUSIC-400.png","contentUrl":"https:\/\/miladoremusic.com\/wp-content\/uploads\/2026\/05\/logo-MILADORE-MUSIC-400.png","width":400,"height":110,"caption":"Miladore Music"},"image":{"@id":"https:\/\/miladoremusic.com\/#\/schema\/logo\/image\/"}}]}},"_links":{"self":[{"href":"https:\/\/miladoremusic.com\/index.php?rest_route=\/wp\/v2\/pages\/3","targetHints":{"allow":["GET"]}}],"collection":[{"href":"https:\/\/miladoremusic.com\/index.php?rest_route=\/wp\/v2\/pages"}],"about":[{"href":"https:\/\/miladoremusic.com\/index.php?rest_route=\/wp\/v2\/types\/page"}],"author":[{"embeddable":true,"href":"https:\/\/miladoremusic.com\/index.php?rest_route=\/wp\/v2\/users\/1"}],"replies":[{"embeddable":true,"href":"https:\/\/miladoremusic.com\/index.php?rest_route=%2Fwp%2Fv2%2Fcomments&post=3"}],"version-history":[{"count":1,"href":"https:\/\/miladoremusic.com\/index.php?rest_route=\/wp\/v2\/pages\/3\/revisions"}],"predecessor-version":[{"id":14,"href":"https:\/\/miladoremusic.com\/index.php?rest_route=\/wp\/v2\/pages\/3\/revisions\/14"}],"wp:attachment":[{"href":"https:\/\/miladoremusic.com\/index.php?rest_route=%2Fwp%2Fv2%2Fmedia&parent=3"}],"wp:term":[{"taxonomy":"category","embeddable":true,"href":"https:\/\/miladoremusic.com\/index.php?rest_route=%2Fwp%2Fv2%2Fcategories&post=3"},{"taxonomy":"post_tag","embeddable":true,"href":"https:\/\/miladoremusic.com\/index.php?rest_route=%2Fwp%2Fv2%2Ftags&post=3"}],"curies":[{"name":"wp","href":"https:\/\/api.w.org\/{rel}","templated":true}]}}